{"id":508,"date":"2025-09-21T11:15:20","date_gmt":"2025-09-21T09:15:20","guid":{"rendered":"https:\/\/o2therapy.pl\/price-list-acid-treatments-by-norel-dr-wilsz\/"},"modified":"2025-09-21T11:18:14","modified_gmt":"2025-09-21T09:18:14","slug":"price-list-acid-treatments-by-norel-dr-wilsz","status":"publish","type":"page","link":"https:\/\/o2therapy.pl\/en\/price-list-acid-treatments-by-norel-dr-wilsz\/","title":{"rendered":"Price list &#8211; Acid treatments by Norel Dr. Wilsz"},"content":{"rendered":"<p>[et_pb_section fb_built=&#8221;1&#8243; admin_label=&#8221;Menu Pricing&#8221; _builder_version=&#8221;4.18.0&#8243; _module_preset=&#8221;default&#8221; collapsed=&#8221;on&#8221; global_colors_info=&#8221;{}&#8221; theme_builder_area=&#8221;post_content&#8221; custom_padding=&#8221;||12px|||&#8221;][et_pb_row _builder_version=&#8221;4.18.0&#8243; _module_preset=&#8221;5138c454-be54-4233-bd3b-f8e6a8747976&#8243; global_colors_info=&#8221;{}&#8221; theme_builder_area=&#8221;post_content&#8221;][et_pb_column type=&#8221;4_4&#8243; _builder_version=&#8221;4.18.0&#8243; _module_preset=&#8221;73121f80-a3ef-4484-8763-c3f18e3c56d2&#8243; global_colors_info=&#8221;{}&#8221; theme_builder_area=&#8221;post_content&#8221;][et_pb_heading title=&#8221;Price list &#8211; Acid treatments by Norel Dr. Wilsz&#8221; _builder_version=&#8221;4.27.4&#8243; _module_preset=&#8221;c33f07d9-41e0-421a-8799-5799df695cce&#8221; title_text_align=&#8221;center&#8221; hover_enabled=&#8221;0&#8243; locked=&#8221;off&#8221; global_colors_info=&#8221;{}&#8221; theme_builder_area=&#8221;post_content&#8221; sticky_enabled=&#8221;0&#8243;][\/et_pb_heading][\/et_pb_column][\/et_pb_row][et_pb_row _builder_version=&#8221;4.18.0&#8243; _module_preset=&#8221;5138c454-be54-4233-bd3b-f8e6a8747976&#8243; global_colors_info=&#8221;{}&#8221; theme_builder_area=&#8221;post_content&#8221;][et_pb_column type=&#8221;4_4&#8243; _builder_version=&#8221;4.18.0&#8243; _module_preset=&#8221;73121f80-a3ef-4484-8763-c3f18e3c56d2&#8243; global_colors_info=&#8221;{}&#8221; theme_builder_area=&#8221;post_content&#8221;][et_pb_heading title=&#8221;RENEW EXTREME treatment &#8211; retinol rejuvenation&#8221; _builder_version=&#8221;4.27.4&#8243; _module_preset=&#8221;c33f07d9-41e0-421a-8799-5799df695cce&#8221; title_text_align=&#8221;center&#8221; hover_enabled=&#8221;0&#8243; locked=&#8221;off&#8221; global_colors_info=&#8221;{}&#8221; theme_builder_area=&#8221;post_content&#8221; sticky_enabled=&#8221;0&#8243; title_font_size=&#8221;26px&#8221;][\/et_pb_heading][\/et_pb_column][\/et_pb_row][\/et_pb_section][et_pb_section fb_built=&#8221;1&#8243; theme_builder_area=&#8221;post_content&#8221; _builder_version=&#8221;4.27.4&#8243; _module_preset=&#8221;default&#8221; custom_padding=&#8221;0px|||||&#8221;][et_pb_row _builder_version=&#8221;4.27.4&#8243; _module_preset=&#8221;default&#8221; theme_builder_area=&#8221;post_content&#8221;][et_pb_column _builder_version=&#8221;4.27.4&#8243; _module_preset=&#8221;default&#8221; type=&#8221;4_4&#8243; theme_builder_area=&#8221;post_content&#8221;][et_pb_text _builder_version=&#8221;4.27.4&#8243; _module_preset=&#8221;default&#8221; theme_builder_area=&#8221;post_content&#8221; hover_enabled=&#8221;0&#8243; sticky_enabled=&#8221;0&#8243;]<\/p>\n<table>\n<tbody>\n<tr>\n<td width=\"156\">\n<p><strong>Number of treatments<\/strong><\/p>\n<\/td>\n<td width=\"156\">\n<p><strong>1<\/strong><\/p>\n<\/td>\n<td width=\"156\">\n<p><strong>3<\/strong><\/p>\n<\/td>\n<td width=\"156\">\n<p><strong>5<\/strong><\/p>\n<\/td>\n<\/tr>\n<tr>\n<td width=\"156\">\n<p><strong>Eyes<\/strong><\/p>\n<\/td>\n<td width=\"156\">\n<p><strong>200 z\u0142<\/strong><\/p>\n<\/td>\n<td width=\"156\">\n<p><strong>PLN 540<\/strong><\/p>\n<\/td>\n<td width=\"156\">\n<p><strong>800 zloty<\/strong><\/p>\n<\/td>\n<\/tr>\n<tr>\n<td width=\"156\">\n<p><strong>Face<\/strong><\/p>\n<\/td>\n<td width=\"156\">\n<p><strong>250 z\u0142<\/strong><\/p>\n<\/td>\n<td width=\"156\">\n<p><strong>690 z\u0142<\/strong><\/p>\n<\/td>\n<td width=\"156\">\n<p><strong>1000 zloty<\/strong><\/p>\n<\/td>\n<\/tr>\n<tr>\n<td width=\"156\">\n<p><strong>Face + Neck<\/strong><\/p>\n<\/td>\n<td width=\"156\">\n<p><strong>270 z\u0142<\/strong><\/p>\n<\/td>\n<td width=\"156\">\n<p><strong>750 z\u0142<\/strong><\/p>\n<\/td>\n<td width=\"156\">\n<p><strong>PLN 1100<\/strong><\/p>\n<\/td>\n<\/tr>\n<tr>\n<td width=\"156\">\n<p><strong>Face + Neck + Decolletage<\/strong><\/p>\n<\/td>\n<td width=\"156\">\n<p><strong>300 z\u0142<\/strong><\/p>\n<\/td>\n<td width=\"156\">\n<p><strong>840 z\u0142<\/strong><\/p>\n<\/td>\n<td width=\"156\">\n<p><strong>1300 z\u0142<\/strong><\/p>\n<\/td>\n<\/tr>\n<\/tbody>\n<\/table>\n<p>[\/et_pb_text][\/et_pb_column][\/et_pb_row][et_pb_row _builder_version=&#8221;4.18.0&#8243; _module_preset=&#8221;5138c454-be54-4233-bd3b-f8e6a8747976&#8243; global_colors_info=&#8221;{}&#8221; theme_builder_area=&#8221;post_content&#8221;][et_pb_column type=&#8221;4_4&#8243; _builder_version=&#8221;4.18.0&#8243; _module_preset=&#8221;73121f80-a3ef-4484-8763-c3f18e3c56d2&#8243; global_colors_info=&#8221;{}&#8221; theme_builder_area=&#8221;post_content&#8221;][et_pb_heading title=&#8221;RENEW EXTREME treatment &#8211; retinol rejuvenation&#8221; _builder_version=&#8221;4.27.4&#8243; _module_preset=&#8221;c33f07d9-41e0-421a-8799-5799df695cce&#8221; title_text_align=&#8221;center&#8221; hover_enabled=&#8221;0&#8243; locked=&#8221;off&#8221; global_colors_info=&#8221;{}&#8221; theme_builder_area=&#8221;post_content&#8221; sticky_enabled=&#8221;0&#8243; title_font_size=&#8221;26px&#8221;][\/et_pb_heading][\/et_pb_column][\/et_pb_row][et_pb_row _builder_version=&#8221;4.27.4&#8243; _module_preset=&#8221;default&#8221; theme_builder_area=&#8221;post_content&#8221;][et_pb_column _builder_version=&#8221;4.27.4&#8243; _module_preset=&#8221;default&#8221; type=&#8221;4_4&#8243; theme_builder_area=&#8221;post_content&#8221;][et_pb_text _builder_version=&#8221;4.27.4&#8243; _module_preset=&#8221;default&#8221; theme_builder_area=&#8221;post_content&#8221; hover_enabled=&#8221;0&#8243; sticky_enabled=&#8221;0&#8243;]<\/p>\n<table>\n<tbody>\n<tr>\n<td width=\"152\">\n<p><strong>Number of treatments<\/strong><\/p>\n<\/td>\n<td width=\"149\">\n<p><strong>1<\/strong><\/p>\n<\/td>\n<td width=\"149\">\n<p><strong>3<\/strong><\/p>\n<\/td>\n<td width=\"150\">\n<p><strong>5<\/strong><\/p>\n<\/td>\n<\/tr>\n<tr>\n<td width=\"152\">\n<p><strong>Face<\/strong><\/p>\n<\/td>\n<td width=\"149\">\n<p><strong>250 z\u0142<\/strong><\/p>\n<\/td>\n<td width=\"149\">\n<p><strong>690 z\u0142<\/strong><\/p>\n<\/td>\n<td width=\"150\">\n<p><strong>1000 zloty<\/strong><\/p>\n<\/td>\n<\/tr>\n<tr>\n<td width=\"152\">\n<p><strong>Face + Neck<\/strong><\/p>\n<\/td>\n<td width=\"149\">\n<p><strong>270 z\u0142<\/strong><\/p>\n<\/td>\n<td width=\"149\">\n<p><strong>750 z\u0142<\/strong><\/p>\n<\/td>\n<td width=\"150\">\n<p><strong>PLN 1100<\/strong><\/p>\n<\/td>\n<\/tr>\n<tr>\n<td width=\"152\">\n<p><strong>Face + Neck + Decolletage<\/strong><\/p>\n<\/td>\n<td width=\"149\">\n<p><strong>300 z\u0142<\/strong><\/p>\n<\/td>\n<td width=\"149\">\n<p><strong>840 z\u0142<\/strong><\/p>\n<\/td>\n<td width=\"150\">\n<p><strong>1300 z\u0142<\/strong><\/p>\n<\/td>\n<\/tr>\n<\/tbody>\n<\/table>\n<p>[\/et_pb_text][\/et_pb_column][\/et_pb_row][et_pb_row _builder_version=&#8221;4.18.0&#8243; _module_preset=&#8221;5138c454-be54-4233-bd3b-f8e6a8747976&#8243; global_colors_info=&#8221;{}&#8221; theme_builder_area=&#8221;post_content&#8221;][et_pb_column type=&#8221;4_4&#8243; _builder_version=&#8221;4.18.0&#8243; _module_preset=&#8221;73121f80-a3ef-4484-8763-c3f18e3c56d2&#8243; global_colors_info=&#8221;{}&#8221; theme_builder_area=&#8221;post_content&#8221;][et_pb_heading title=&#8221;GLOW SKIN PEEL treatment&#8221; _builder_version=&#8221;4.27.4&#8243; _module_preset=&#8221;c33f07d9-41e0-421a-8799-5799df695cce&#8221; title_text_align=&#8221;center&#8221; hover_enabled=&#8221;0&#8243; locked=&#8221;off&#8221; global_colors_info=&#8221;{}&#8221; theme_builder_area=&#8221;post_content&#8221; sticky_enabled=&#8221;0&#8243; title_font_size=&#8221;26px&#8221;][\/et_pb_heading][\/et_pb_column][\/et_pb_row][et_pb_row _builder_version=&#8221;4.27.4&#8243; _module_preset=&#8221;default&#8221; theme_builder_area=&#8221;post_content&#8221;][et_pb_column _builder_version=&#8221;4.27.4&#8243; _module_preset=&#8221;default&#8221; type=&#8221;4_4&#8243; theme_builder_area=&#8221;post_content&#8221;][et_pb_text _builder_version=&#8221;4.27.4&#8243; _module_preset=&#8221;default&#8221; theme_builder_area=&#8221;post_content&#8221; hover_enabled=&#8221;0&#8243; sticky_enabled=&#8221;0&#8243;]<\/p>\n<table>\n<tbody>\n<tr>\n<td width=\"152\">\n<p><strong>Number of treatments<\/strong><\/p>\n<\/td>\n<td width=\"149\">\n<p><strong>1<\/strong><\/p>\n<\/td>\n<td width=\"149\">\n<p><strong>3<\/strong><\/p>\n<\/td>\n<td width=\"150\">\n<p><strong>5<\/strong><\/p>\n<\/td>\n<\/tr>\n<tr>\n<td width=\"152\">\n<p><strong>Back  <\/strong><\/p>\n<\/td>\n<td width=\"149\">\n<p><strong>190 z\u0142<\/strong><\/p>\n<\/td>\n<td width=\"149\">\n<p><strong>510 z\u0142<\/strong><\/p>\n<\/td>\n<td width=\"150\">\n<p><strong>PLN 775<\/strong><\/p>\n<\/td>\n<\/tr>\n<tr>\n<td width=\"152\">\n<p><strong>Face<\/strong><\/p>\n<\/td>\n<td width=\"149\">\n<p><strong>190 z\u0142<\/strong><\/p>\n<\/td>\n<td width=\"149\">\n<p><strong>510 z\u0142<\/strong><\/p>\n<\/td>\n<td width=\"150\">\n<p><strong>PLN 775<\/strong><\/p>\n<\/td>\n<\/tr>\n<tr>\n<td width=\"152\">\n<p><strong>Face + Decolletage<\/strong><\/p>\n<\/td>\n<td width=\"149\">\n<p><strong>230 z\u0142<\/strong><\/p>\n<\/td>\n<td width=\"149\">\n<p><strong>630 z\u0142<\/strong><\/p>\n<\/td>\n<td width=\"150\">\n<p><strong>PLN 925<\/strong><\/p>\n<\/td>\n<\/tr>\n<tr>\n<td width=\"152\">\n<p><strong>The neckline<\/strong><\/p>\n<\/td>\n<td width=\"149\">\n<p><strong>190 z\u0142<\/strong><\/p>\n<\/td>\n<td width=\"149\">\n<p><strong>510 z\u0142<\/strong><\/p>\n<\/td>\n<td width=\"150\">\n<p><strong>PLN 775<\/strong><\/p>\n<\/td>\n<\/tr>\n<\/tbody>\n<\/table>\n<p>&nbsp;<\/p>\n<p>[\/et_pb_text][\/et_pb_column][\/et_pb_row][\/et_pb_section][et_pb_section fb_built=&#8221;1&#8243; admin_label=&#8221;Call to Action&#8221; _builder_version=&#8221;4.24.2&#8243; _module_preset=&#8221;default&#8221; background_color=&#8221;gcid-secondary-color&#8221; locked=&#8221;off&#8221; collapsed=&#8221;on&#8221; global_colors_info=&#8221;{%22gcid-secondary-color%22:%91%22background_color%22%93}&#8221; theme_builder_area=&#8221;post_content&#8221;][et_pb_row _builder_version=&#8221;4.23&#8243; _module_preset=&#8221;5138c454-be54-4233-bd3b-f8e6a8747976&#8243; global_colors_info=&#8221;{}&#8221; theme_builder_area=&#8221;post_content&#8221;][et_pb_column type=&#8221;4_4&#8243; _builder_version=&#8221;4.16&#8243; _module_preset=&#8221;73121f80-a3ef-4484-8763-c3f18e3c56d2&#8243; global_colors_info=&#8221;{}&#8221; theme_builder_area=&#8221;post_content&#8221;][et_pb_cta title=&#8221;Book a Session Today&#8221; button_url=&#8221;https:\/\/booksy.com\/pl-pl\/240176_o2-therapy-komora-hiperbaryczna-masaz_masaz_8820_krakow&#8221; url_new_window=&#8221;on&#8221; button_text=&#8221;Book Now&#8221; _builder_version=&#8221;4.27.4&#8243; _module_preset=&#8221;0cae81ab-7223-4b50-8e71-bfb309c58c86&#8243; body_link_font=&#8221;||||||||&#8221; background_enable_color=&#8221;off&#8221; use_background_color=&#8221;off&#8221; locked=&#8221;off&#8221; global_colors_info=&#8221;{%22gcid-f2943306-fa6c-45f0-b632-5fc00151366a%22:%91%22button_text_color%22%93,%22gcid-36fd78a7-34bc-404d-873c-dafa34efaae5%22:%91%22button_text_color%22%93}&#8221; text_font_size_tablet=&#8221;16px&#8221; text_font_size_phone=&#8221;14px&#8221; text_font_size_last_edited=&#8221;on|phone&#8221; theme_builder_area=&#8221;post_content&#8221;]<\/p>\n<p>Experience the unique benefits of therapy at Wave of Relaxation Massage, Oxygen Therapy And Cosmetology Studio. Take advantage of our specialized treatments that promote recovery and enhance well-being. Don&#8217;t wait, schedule your session now and feel the difference!<\/p>\n<p>[\/et_pb_cta][\/et_pb_column][\/et_pb_row][\/et_pb_section]<\/p>\n","protected":false},"excerpt":{"rendered":"<p>Number of treatments 1 3 5 Eyes 200 z\u0142 PLN 540 800 zloty Face 250 z\u0142 690 z\u0142 1000 zloty Face + Neck 270 z\u0142 750 z\u0142 PLN 1100 Face + Neck + Decolletage 300 z\u0142 840 z\u0142 1300 z\u0142 Number of treatments 1 3 5 Face 250 z\u0142 690 z\u0142 1000 zloty Face + [&hellip;]<\/p>\n","protected":false},"author":1,"featured_media":0,"parent":0,"menu_order":0,"comment_status":"closed","ping_status":"closed","template":"","meta":{"_et_pb_use_builder":"on","_et_pb_old_content":"","_et_gb_content_width":"","footnotes":""},"class_list":["post-508","page","type-page","status-publish","hentry"],"_links":{"self":[{"href":"https:\/\/o2therapy.pl\/en\/wp-json\/wp\/v2\/pages\/508","targetHints":{"allow":["GET"]}}],"collection":[{"href":"https:\/\/o2therapy.pl\/en\/wp-json\/wp\/v2\/pages"}],"about":[{"href":"https:\/\/o2therapy.pl\/en\/wp-json\/wp\/v2\/types\/page"}],"author":[{"embeddable":true,"href":"https:\/\/o2therapy.pl\/en\/wp-json\/wp\/v2\/users\/1"}],"replies":[{"embeddable":true,"href":"https:\/\/o2therapy.pl\/en\/wp-json\/wp\/v2\/comments?post=508"}],"version-history":[{"count":6,"href":"https:\/\/o2therapy.pl\/en\/wp-json\/wp\/v2\/pages\/508\/revisions"}],"predecessor-version":[{"id":517,"href":"https:\/\/o2therapy.pl\/en\/wp-json\/wp\/v2\/pages\/508\/revisions\/517"}],"wp:attachment":[{"href":"https:\/\/o2therapy.pl\/en\/wp-json\/wp\/v2\/media?parent=508"}],"curies":[{"name":"wp","href":"https:\/\/api.w.org\/{rel}","templated":true}]}}